{"id":246,"date":"2017-08-08T20:31:48","date_gmt":"2017-08-08T20:31:48","guid":{"rendered":"http:\/\/localhost\/grassy\/?page_id=246"},"modified":"2021-04-18T11:40:08","modified_gmt":"2021-04-18T09:40:08","slug":"one-page","status":"publish","type":"page","link":"https:\/\/ekopar.pl\/","title":{"rendered":"EKOPAR"},"content":{"rendered":"<p>[vc_row full_width=&#8221;stretch_row&#8221; parallax=&#8221;content-moving-fade&#8221; css_animation=&#8221;none&#8221; el_class=&#8221;services-section&#8221; css=&#8221;.vc_custom_1533630117231{padding-top: 66px !important;padding-bottom: 72px !important;background-position: center;background-repeat: no-repeat;background-size:cover;}&#8221; el_id=&#8221;rs-about&#8221;][vc_column el_class=&#8221;all-section-title&#8221;][vc_row_inner el_id=&#8221;featured-btm&#8221;][vc_column_inner][smartslider3 slider=&#8221;2&#8243;][\/vc_column_inner][\/vc_row_inner][\/vc_column][vc_column][\/vc_column][\/vc_row][vc_row full_width=&#8221;stretch_row&#8221; content_placement=&#8221;middle&#8221; css_animation=&#8221;none&#8221; css=&#8221;.vc_custom_1533630126164{padding-top: 65px !important;padding-bottom: 70px !important;background-color: #f4f7fc !important;}&#8221; el_id=&#8221;business-services&#8221;][vc_column width=&#8221;4\/12&#8243; css=&#8221;.vc_custom_1525510700234{background-position: center !important;background-repeat: no-repeat !important;background-size: cover !important;}&#8221;][vc_row_inner][vc_column_inner]\r\n        <div class=\"rs-heading   vc_custom_1618686169630  \">\r\n        \t<div class=\"title-inner\">\r\n\t            \r\n\t            <h2>Zakres us\u0142ug<\/h2>\r\n\t        <\/div><\/div>[\/vc_column_inner][\/vc_row_inner][vc_column_text]W ramach \u015bwiadczonych przez nas us\u0142ug na terenie ca\u0142ego kraju, wsp\u00f3\u0142pracujemy z:<\/p>\n<ul>\n<li>przedsi\u0119biorstwami produkcyjno-us\u0142ugowymi,<\/li>\n<li>instytucjami pa\u0144stwowymi,<\/li>\n<li>lokalnymi samorz\u0105dami,<\/li>\n<li>biurami architektonicznymi,<\/li>\n<li>klientami indywidualnymi.<\/li>\n<\/ul>\n<p>Zach\u0119camy do zapoznania si\u0119 z naszym profilem dzia\u0142alno\u015bci.[\/vc_column_text][\/vc_column][vc_column width=&#8221;8\/12&#8243;][vc_row_inner][vc_column_inner width=&#8221;1\/2&#8243;]\n\t\t<div class=\"rs-services1\">\n\t\t<div class=\"services-wrap  \"> \n         <div class=\"services-item\">\n            <div class=\"services-icon\">\n                <a href=\"http:\/\/ekopar.pl\/index.php\/service\/desktop-optimization\/\"><i class=\"vc_icon_element-icon vc_li vc_li-bubble\"><\/i><\/a>\n             <\/div>\n        \n\t\t\t<div class=\"services-desc\">\n\t\t\t\t<h2 class=\"services-title\"><a href=\"http:\/\/ekopar.pl\/index.php\/service\/desktop-optimization\/\">Doradztwo \u015brodowiskowe<\/a><\/h2>\n\t\t\t\tNaszym zadaniem jest pom\u00f3c przedsi\u0119biorcom odnale\u017a\u0107 si\u0119 w g\u0105szczu przepis\u00f3w. Bie\u017c\u0105ce doradztwo, raportowanie, reprezentowanie firmy podczas kontroli.<\/p>\n<p><a class=\"readon-border\" href=\"https:\/\/ekopar.pl\/index.php\/service\/doradztwo-srodowiskowe\">Wi\u0119cej<\/a> \n\t\t\t\t<\/div>\n\t\t\t<\/div>\t\n\t\t<\/div><\/div>\n\t\n\t\t<div class=\"rs-services1\">\n\t\t<div class=\"services-wrap  \"> \n         <div class=\"services-item\">\n            <div class=\"services-icon\">\n                <a href=\"#\"><i class=\"vc_icon_element-icon vc_li vc_li-trash\"><\/i><\/a>\n             <\/div>\n        \n\t\t\t<div class=\"services-desc\">\n\t\t\t\t<h2 class=\"services-title\"><a href=\"#\">Wsparcie obs\u0142ugi systemu BDO, KOBiZE<\/a><\/h2>\n\t\t\t\tPomoc w zakresie rejestracji, raportowania, obs\u0142ugi systemu BDO oraz przygotowywanie raport\u00f3w KOBiZE.<\/p>\n<p><a class=\"readon-border\" href=\"https:\/\/ekopar.pl\/index.php\/service\/bdo-kobize\">Wi\u0119cej<\/a> \n\t\t\t\t<\/div>\n\t\t\t<\/div>\t\n\t\t<\/div><\/div>\n\t[\/vc_column_inner][vc_column_inner width=&#8221;1\/2&#8243;]\n\t\t<div class=\"rs-services1\">\n\t\t<div class=\"services-wrap  \"> \n         <div class=\"services-item\">\n            <div class=\"services-icon\">\n                <a href=\"#\"><i class=\"vc_icon_element-icon vc_li vc_li-note\"><\/i><\/a>\n             <\/div>\n        \n\t\t\t<div class=\"services-desc\">\n\t\t\t\t<h2 class=\"services-title\"><a href=\"#\">Dokumentacje \u015brodowiskowe<\/a><\/h2>\n\t\t\t\tOpracowywanie dokumentacji KIP, Raport\u00f3w Oddzia\u0142ywania na \u015arodowisko, operat\u00f3w wodno-prawnych, operat\u00f3w ochrony powietrza.<\/p>\n<p><a class=\"readon-border\" href=\"https:\/\/ekopar.pl\/index.php\/service\/dokumentacje-srodowiskowe\">Wi\u0119cej<\/a> \n\t\t\t\t<\/div>\n\t\t\t<\/div>\t\n\t\t<\/div><\/div>\n\t\n\t\t<div class=\"rs-services1\">\n\t\t<div class=\"services-wrap  \"> \n         <div class=\"services-item\">\n            <div class=\"services-icon\">\n                <a href=\"#\"><i class=\"vc_icon_element-icon vc_li vc_li-study\"><\/i><\/a>\n             <\/div>\n        \n\t\t\t<div class=\"services-desc\">\n\t\t\t\t<h2 class=\"services-title\"><a href=\"#\">Us\u0142ugi projektowe, pomiary \u015brodowiskowe<\/a><\/h2>\n\t\t\t\tUs\u0142ugi projektowe in\u017cynierii wodnej i melioracji, projektowanie zbiornik\u00f3w retencyjnych. Wsp\u00f3\u0142praca z akredytowanymi laboratoriami, badania emisji gaz\u00f3w, py\u0142\u00f3w do powietrza oraz pomiar\u00f3w akustycznych.<\/p>\n<p><a class=\"readon-border\" href=\"https:\/\/ekopar.pl\/index.php\/service\/projekty-pomiary\">Wi\u0119cej<\/a> \n\t\t\t\t<\/div>\n\t\t\t<\/div>\t\n\t\t<\/div><\/div>\n\t[\/vc_column_inner][\/vc_row_inner][\/vc_column][\/vc_row][vc_row full_width=&#8221;stretch_row&#8221; css_animation=&#8221;none&#8221; disable_element=&#8221;yes&#8221; el_id=&#8221;portfolio-slider&#8221; css=&#8221;.vc_custom_1618681862415{padding-top: 60px !important;padding-bottom: 100px !important;}&#8221;][vc_column][\/vc_column][\/vc_row][vc_row full_width=&#8221;stretch_row&#8221; css_animation=&#8221;none&#8221; el_class=&#8221;whychoose&#8221; css=&#8221;.vc_custom_1533630144504{padding-top: 65px !important;padding-bottom: 75px !important;background-color: #f4f7fc !important;}&#8221; el_id=&#8221;why-choose-us&#8221;][vc_column el_class=&#8221;all-section-title&#8221;][vc_row_inner][vc_column_inner width=&#8221;1\/2&#8243; offset=&#8221;vc_col-sm-offset-0&#8243;][vc_single_image image=&#8221;8288&#8243; img_size=&#8221;full&#8221;][\/vc_column_inner][vc_column_inner width=&#8221;1\/2&#8243; css=&#8221;.vc_custom_1531897888548{padding-left: 35px !important;}&#8221; offset=&#8221;vc_hidden-sm vc_hidden-xs&#8221;]\r\n        <div class=\"rs-heading style1  vc_custom_1618673304333 quote-style \">\r\n        \t<div class=\"title-inner\">\r\n\t            \r\n\t            <h2>Co nas wyr\u00f3\u017cnia?<\/h2>\r\n\t        <\/div><\/div>\n\t\t<div class=\"rs-services1\">\n\t\t<div class=\"services-wrap  \"> \n         <div class=\"services-item\">\n            <div class=\"services-icon\">\n                <a ><i class=\"vc_icon_element-icon vc_li vc_li-like\"><\/i><\/a>\n             <\/div>\n        \n\t\t\t<div class=\"services-desc\">\n\t\t\t\t<h2 class=\"services-title\"><a >Kompleksowo\u015b\u0107 us\u0142ug<\/a><\/h2>\n\t\t\t\tOferujemy pomoc w przeprowadzeniu procesu projektowego i uruchomienia zak\u0142adu pod wzgl\u0119dem przepis\u00f3w ochrony \u015brodowiska oraz wsparcie w ci\u0105gu ca\u0142ego procesu funkcjonowania firmy \n\t\t\t\t<\/div>\n\t\t\t<\/div>\t\n\t\t<\/div><\/div>\n\t\n\t\t<div class=\"rs-services1\">\n\t\t<div class=\"services-wrap  \"> \n         <div class=\"services-item\">\n            <div class=\"services-icon\">\n                <a ><i class=\"vc_icon_element-icon vc_li vc_li-user\"><\/i><\/a>\n             <\/div>\n        \n\t\t\t<div class=\"services-desc\">\n\t\t\t\t<h2 class=\"services-title\"><a >Do\u015bwiadczony zesp\u00f3\u0142<\/a><\/h2>\n\t\t\t\tWieloletnia obecno\u015b\u0107 na rynku pozwoli\u0142a zdoby\u0107 do\u015bwiadczenie w szerokim spektrum &#8211; ochrony w\u00f3d, gleby, powietrza, gospodarki odpadami \n\t\t\t\t<\/div>\n\t\t\t<\/div>\t\n\t\t<\/div><\/div>\n\t\n\t\t<div class=\"rs-services1\">\n\t\t<div class=\"services-wrap  \"> \n         <div class=\"services-item\">\n            <div class=\"services-icon\">\n                <a ><i class=\"vc_icon_element-icon vc_li vc_li-clock\"><\/i><\/a>\n             <\/div>\n        \n\t\t\t<div class=\"services-desc\">\n\t\t\t\t<h2 class=\"services-title\"><a >Pe\u0142na dyspozycyjno\u015b\u0107<\/a><\/h2>\n\t\t\t\tP\u0142aska struktura firmy pozwala podejmowa\u0107 szybkie dzia\u0142ania i by\u0107 dyspozycyjnym dla naszych klient\u00f3w, gdy tylko tego potrzebuj\u0105 \n\t\t\t\t<\/div>\n\t\t\t<\/div>\t\n\t\t<\/div><\/div>\n\t[\/vc_column_inner][\/vc_row_inner][\/vc_column][\/vc_row][vc_row full_width=&#8221;stretch_row&#8221; css_animation=&#8221;none&#8221; css=&#8221;.vc_custom_1533630152782{margin-top: 0px !important;margin-bottom: -172px !important;padding-top: 0px !important;padding-bottom: 30px !important;background-color: #f2f7fc !important;}&#8221; el_class=&#8221;bstart-shadow2&#8243;][vc_column][vc_row_inner el_id=&#8221;counter-bg&#8221; css=&#8221;.vc_custom_1532076929282{padding-top: 2px !important;}&#8221; el_class=&#8221;counter-bg-big&#8221;][vc_column_inner width=&#8221;1\/3&#8243;]\n            <div class=\"counter-top-area center clearfix\">\n                <div class=\"rs-counter-list\">\n                    <div class=\"count-icon\">\n                        <i style=\"color: #222\" class=\"vc_icon_element-icon vc_li vc_li-paperplane\"><\/i>\n                    <\/div>     \n                    <div class=\"count-desc\">\n                        <h2 class=\"rs-counter\"  style=\"color: #222\">30<\/h2>         \n                        <h3 style=\"color: #222\">lat do\u015bwiadczenia<\/h3>\n                    <\/div>     \n                <\/div>\n            <\/div>[\/vc_column_inner][vc_column_inner width=&#8221;1\/3&#8243;]\n            <div class=\"counter-top-area center clearfix\">\n                <div class=\"rs-counter-list\">\n                    <div class=\"count-icon\">\n                        <i style=\"color: #222\" class=\"vc_icon_element-icon vc_li vc_li-like\"><\/i>\n                    <\/div>     \n                    <div class=\"count-desc\">\n                        <h2 class=\"rs-counter\"  style=\"color: #222\">780<\/h2>         \n                        <h3 style=\"color: #222\">wykonanych opracowa\u0144<\/h3>\n                    <\/div>     \n                <\/div>\n            <\/div>[\/vc_column_inner][vc_column_inner width=&#8221;1\/3&#8243;]\n            <div class=\"counter-top-area center clearfix\">\n                <div class=\"rs-counter-list\">\n                    <div class=\"count-icon\">\n                        <i style=\"color: #222\" class=\"vc_icon_element-icon vc_li vc_li-user\"><\/i>\n                    <\/div>     \n                    <div class=\"count-desc\">\n                        <h2 class=\"rs-counter\"  style=\"color: #222\">450<\/h2>         \n                        <h3 style=\"color: #222\">zadowolonych klient\u00f3w<\/h3>\n                    <\/div>     \n                <\/div>\n            <\/div>[\/vc_column_inner][\/vc_row_inner][\/vc_column][\/vc_row][vc_row][vc_column][vc_empty_space height=&#8221;170px&#8221;][\/vc_column][\/vc_row]<\/p>\n","protected":false},"excerpt":{"rendered":"<p>[vc_row full_width=&#8221;stretch_row&#8221; parallax=&#8221;content-moving-fade&#8221; css_animation=&#8221;none&#8221; el_class=&#8221;services-section&#8221; css=&#8221;.vc_custom_1533630117231{padding-top: 66px !important;padding-bottom: 72px !important;background-position: center;background-repeat: no-repeat;background-size:cover;}&#8221; el_id=&#8221;rs-about&#8221;][vc_column el_class=&#8221;all-section-title&#8221;][vc_row_inner el_id=&#8221;featured-btm&#8221;][vc_column_inner][smartslider3 slider=&#8221;2&#8243;][\/vc_column_inner][\/vc_row_inner][\/vc_column][vc_column][\/vc_column][\/vc_row][vc_row full_width=&#8221;stretch_row&#8221; content_placement=&#8221;middle&#8221; css_animation=&#8221;none&#8221; css=&#8221;.vc_custom_1533630126164{padding-top: 65px !important;padding-bottom:&#8230;<\/p>\n","protected":false},"author":1,"featured_media":0,"parent":0,"menu_order":0,"comment_status":"closed","ping_status":"closed","template":"","meta":{"footnotes":""},"class_list":["post-246","page","type-page","status-publish","hentry"],"_links":{"self":[{"href":"https:\/\/ekopar.pl\/index.php\/wp-json\/wp\/v2\/pages\/246","targetHints":{"allow":["GET"]}}],"collection":[{"href":"https:\/\/ekopar.pl\/index.php\/wp-json\/wp\/v2\/pages"}],"about":[{"href":"https:\/\/ekopar.pl\/index.php\/wp-json\/wp\/v2\/types\/page"}],"author":[{"embeddable":true,"href":"https:\/\/ekopar.pl\/index.php\/wp-json\/wp\/v2\/users\/1"}],"replies":[{"embeddable":true,"href":"https:\/\/ekopar.pl\/index.php\/wp-json\/wp\/v2\/comments?post=246"}],"version-history":[{"count":35,"href":"https:\/\/ekopar.pl\/index.php\/wp-json\/wp\/v2\/pages\/246\/revisions"}],"predecessor-version":[{"id":8369,"href":"https:\/\/ekopar.pl\/index.php\/wp-json\/wp\/v2\/pages\/246\/revisions\/8369"}],"wp:attachment":[{"href":"https:\/\/ekopar.pl\/index.php\/wp-json\/wp\/v2\/media?parent=246"}],"curies":[{"name":"wp","href":"https:\/\/api.w.org\/{rel}","templated":true}]}}